{"id":1305,"date":"2025-10-03T08:44:51","date_gmt":"2025-10-03T08:44:51","guid":{"rendered":"https:\/\/iridelix.com\/?page_id=1305"},"modified":"2025-10-03T13:16:42","modified_gmt":"2025-10-03T13:16:42","slug":"wedding","status":"publish","type":"page","link":"https:\/\/iridelix.com\/?page_id=1305","title":{"rendered":"wedding"},"content":{"rendered":"\n<div class=\"wp-block-manifesto-gutenberg-container content-row light-section normal\" data-bgcolor=\"#ffffff\" style=\"text-align:left\">\n<div style=\"height:100px\" aria-hidden=\"true\" class=\"wp-block-spacer\"><\/div>\n\n\n\n<div class=\"wp-block-manifesto-gutenberg-moving-title title-moving-outer\"><h1 class=\"title-moving-forward\">\nchi siamo?\n<\/h1><\/div>\n\n\n\n<p>Iridelix Wedding \u00e8 il team di professionisti che trasformer\u00e0 il tuo matrimonio in un&#8217;opera d&#8217;arte senza tempo. <\/p>\n\n\n\n<p>Insieme a noi potrai scegliere, rispetto alle tue esigenze, il pacchetto ideale per il tuo grande giorno: tra le varie opzioni di foto e video, proponiamo anche la nostra Band di musicisti professionisti pronti a scaldare la festa. <\/p>\n\n\n\n<p>I nostri servizi fotografici matrimoniali includono (oltre alle fotografie dell&#8217;iride): <\/p>\n\n\n\n<ol class=\"wp-block-list\">\n<li>Il <strong>Pre-Wedding<\/strong> \u00e8 una sessione fotografica antecedente al matrimonio, in abiti informali in una location a scelta. L&#8217;idea \u00e8 quella di ritagliare uno spazio conoscitivo tra la coppia e il fotografo e, con i file digitali ricevuti, porre un invito di qualit\u00e0 agli invitati (sia sui social che di persona per via cartecea).<\/li>\n\n\n\n<li>Il <strong>Matrimonio<\/strong> \u00e8 la giornata per eccellenza, si comincia con la messa in abito per entrambi gli sposi e si procede con la cerimonia (sia religiosa che non) per finire con il rinfresco, il taglio della torta e i festeggiamenti.<\/li>\n\n\n\n<li>Il<strong> Post-Wedding<\/strong> \u00e8 un servizio unico proposto da noi, sviluppato in studio in abiti nuziali in una giornata successiva al matrimonio. L&#8217;idea \u00e8 quella di regalare agli sposi un&#8217;altra occasione in vesti da sposo ma con un tocco di intimit\u00e0 e una qualit\u00e0 che solo la &#8220;sala posa&#8221; pu\u00f2 offrire.<\/li>\n\n\n\n<li>Il <strong>Video<\/strong> \u00e8 un documento riassuntivo dell&#8217;intera giornata delle nozze, il nostro videomaker consegner\u00e0 gli attimi pi\u00f9 significativi dell&#8217;evento in una clip della durata di 6-8 minuti (ovvero 2 canzoni a scelta). <\/li>\n<\/ol>\n\n\n\n<p>Iridelix inoltre collabora da tempo con i &#8220;<strong>Boia Funk<\/strong>&#8221; la band in stile funk perfetta per ogni tipo di festa. Le loro formazioni offrono tipologie diverse di approccio per il tuo matrimonio: dalle formazioni ridotte con voce e sax fino all&#8217;esperienza magica della full-band. Per informazioni contattare Samuele (uno dei responsabili del gruppo) al n <strong>3336758497<\/strong><\/p>\n\n\n\n<div style=\"height:100px\" aria-hidden=\"true\" class=\"wp-block-spacer\"><\/div>\n\n\n\n<h2 class=\"wp-block-heading\">Pre-Weding<\/h2>\n\n\n\n<div class=\"wp-block-manifesto-gutenberg-carousel clapat-slider-wrapper content-slider light-cursor looped-carousel autocenter\" data-delay=\"0\"><div class=\"clapat-slider\"><div class=\"clapat-slider-viewport\">\n<div class=\"clapat-slide\"><img decoding=\"async\" src=\"https:\/\/iridelix.com\/wp-content\/uploads\/POL0509-bn-copia-scaled.jpg\" alt=\"\" \/><\/div>\n\n\n\n<div class=\"clapat-slide\"><img decoding=\"async\" src=\"https:\/\/iridelix.com\/wp-content\/uploads\/POL0547-copia-scaled.jpg\" alt=\"\" \/><\/div>\n\n\n\n<div class=\"clapat-slide\"><img decoding=\"async\" src=\"https:\/\/iridelix.com\/wp-content\/uploads\/POL0586-bn-copia-scaled.jpg\" alt=\"\" \/><\/div>\n\n\n\n<div class=\"clapat-slide\"><img decoding=\"async\" src=\"https:\/\/iridelix.com\/wp-content\/uploads\/POL0516-bn-copia-scaled.jpg\" alt=\"\" \/><\/div>\n<\/div><\/div><div class=\"clapat-controls\"><div class=\"clapat-button-next slider-button-next\"><\/div><div class=\"clapat-button-prev slider-button-prev\"><\/div><div class=\"clapat-pagination\"><\/div><\/div><\/div>\n\n\n\n<div style=\"height:100px\" aria-hidden=\"true\" class=\"wp-block-spacer\"><\/div>\n\n\n\n<h2 class=\"wp-block-heading\">Matrimonio<\/h2>\n\n\n\n<div class=\"wp-block-manifesto-gutenberg-carousel clapat-slider-wrapper content-slider light-cursor looped-carousel autocenter\" data-delay=\"0\"><div class=\"clapat-slider\"><div class=\"clapat-slider-viewport\">\n<div class=\"clapat-slide\"><img decoding=\"async\" src=\"https:\/\/iridelix.com\/wp-content\/uploads\/POL1428-copia.jpg\" alt=\"\" \/><\/div>\n\n\n\n<div class=\"clapat-slide\"><img decoding=\"async\" src=\"https:\/\/iridelix.com\/wp-content\/uploads\/40x60-fine-art-2-copia.jpg\" alt=\"\" \/><\/div>\n\n\n\n<div class=\"clapat-slide\"><img decoding=\"async\" src=\"https:\/\/iridelix.com\/wp-content\/uploads\/40x60-fine-art-copia.jpg\" alt=\"\" \/><\/div>\n\n\n\n<div class=\"clapat-slide\"><img decoding=\"async\" src=\"https:\/\/iridelix.com\/wp-content\/uploads\/stampa-40x50-opaco-copia.jpg\" alt=\"\" \/><\/div>\n\n\n\n<div class=\"clapat-slide\"><img decoding=\"async\" src=\"https:\/\/iridelix.com\/wp-content\/uploads\/POL9782-copia-2.jpg\" alt=\"\" \/><\/div>\n\n\n\n<div class=\"clapat-slide\"><img decoding=\"async\" src=\"https:\/\/iridelix.com\/wp-content\/uploads\/POL2693-copia-2.jpg\" alt=\"\" \/><\/div>\n\n\n\n<div class=\"clapat-slide\"><img decoding=\"async\" src=\"https:\/\/iridelix.com\/wp-content\/uploads\/stampa-40x50-opaco-2-copia.jpg\" alt=\"\" \/><\/div>\n<\/div><\/div><div class=\"clapat-controls\"><div class=\"clapat-button-next slider-button-next\"><\/div><div class=\"clapat-button-prev slider-button-prev\"><\/div><div class=\"clapat-pagination\"><\/div><\/div><\/div>\n\n\n\n<div style=\"height:100px\" aria-hidden=\"true\" class=\"wp-block-spacer\"><\/div>\n\n\n\n<h2 class=\"wp-block-heading\">Post-wedding<\/h2>\n\n\n\n<div class=\"wp-block-manifesto-gutenberg-carousel clapat-slider-wrapper content-slider light-cursor looped-carousel autocenter\" data-delay=\"0\"><div class=\"clapat-slider\"><div class=\"clapat-slider-viewport\">\n<div class=\"clapat-slide\"><img decoding=\"async\" src=\"https:\/\/iridelix.com\/wp-content\/uploads\/POL2943-bn-copia.jpg\" alt=\"\" \/><\/div>\n\n\n\n<div class=\"clapat-slide\"><img decoding=\"async\" src=\"https:\/\/iridelix.com\/wp-content\/uploads\/POL2984-copia-2.jpg\" alt=\"\" \/><\/div>\n\n\n\n<div class=\"clapat-slide\"><img decoding=\"async\" src=\"https:\/\/iridelix.com\/wp-content\/uploads\/POL2930-copia-2.jpg\" alt=\"\" \/><\/div>\n\n\n\n<div class=\"clapat-slide\"><img decoding=\"async\" src=\"https:\/\/iridelix.com\/wp-content\/uploads\/POL2973-copia-2.jpg\" alt=\"\" \/><\/div>\n\n\n\n<div class=\"clapat-slide\"><img decoding=\"async\" src=\"https:\/\/iridelix.com\/wp-content\/uploads\/stampa-40x60-finr-art-3-copia.jpg\" alt=\"\" \/><\/div>\n\n\n\n<div class=\"clapat-slide\"><img decoding=\"async\" src=\"https:\/\/iridelix.com\/wp-content\/uploads\/POL2926-copia.jpg\" alt=\"\" \/><\/div>\n\n\n\n<div class=\"clapat-slide\"><img decoding=\"async\" src=\"https:\/\/iridelix.com\/wp-content\/uploads\/POL2961-copia.jpg\" alt=\"\" \/><\/div>\n<\/div><\/div><div class=\"clapat-controls\"><div class=\"clapat-button-next slider-button-next\"><\/div><div class=\"clapat-button-prev slider-button-prev\"><\/div><div class=\"clapat-pagination\"><\/div><\/div><\/div>\n\n\n\n<div style=\"height:100px\" aria-hidden=\"true\" class=\"wp-block-spacer\"><\/div>\n\n\n\n<h2 class=\"wp-block-heading\">Video<\/h2>\n\n\n\n<figure class=\"wp-block-video\"><video height=\"1278\" style=\"aspect-ratio: 720 \/ 1278;\" width=\"720\" controls src=\"https:\/\/iridelix.com\/wp-content\/uploads\/1003-Trim.mp4\"><\/video><\/figure>\n\n\n\n<div style=\"height:100px\" aria-hidden=\"true\" class=\"wp-block-spacer\"><\/div>\n\n\n\n<h2 class=\"wp-block-heading\">&#8220;Boia Funk&#8221; band<\/h2>\n\n\n\n<div class=\"wp-block-manifesto-gutenberg-carousel clapat-slider-wrapper content-slider light-cursor looped-carousel autocenter\" data-delay=\"0\"><div class=\"clapat-slider\"><div class=\"clapat-slider-viewport\">\n<div class=\"clapat-slide\"><img decoding=\"async\" src=\"https:\/\/iridelix.com\/wp-content\/uploads\/45.jpg\" alt=\"\" \/><\/div>\n\n\n\n<div class=\"clapat-slide\"><img decoding=\"async\" src=\"https:\/\/iridelix.com\/wp-content\/uploads\/POL_1623.jpg\" alt=\"\" \/><\/div>\n\n\n\n<div class=\"clapat-slide\"><img decoding=\"async\" src=\"https:\/\/iridelix.com\/wp-content\/uploads\/DSC_4221.jpg\" alt=\"\" \/><\/div>\n\n\n\n<div class=\"clapat-slide\"><img decoding=\"async\" src=\"https:\/\/iridelix.com\/wp-content\/uploads\/DSC_0130.jpg\" alt=\"\" \/><\/div>\n\n\n\n<div class=\"clapat-slide\"><img decoding=\"async\" src=\"https:\/\/iridelix.com\/wp-content\/uploads\/DSC_4237.jpg\" alt=\"\" \/><\/div>\n\n\n\n<div class=\"clapat-slide\"><img decoding=\"async\" src=\"https:\/\/iridelix.com\/wp-content\/uploads\/DSC_0212.jpg\" alt=\"\" \/><\/div>\n\n\n\n<div class=\"clapat-slide\"><img decoding=\"async\" src=\"https:\/\/iridelix.com\/wp-content\/uploads\/DSC_0119.jpg\" alt=\"\" \/><\/div>\n<\/div><\/div><div class=\"clapat-controls\"><div class=\"clapat-button-next slider-button-next\"><\/div><div class=\"clapat-button-prev slider-button-prev\"><\/div><div class=\"clapat-pagination\"><\/div><\/div><\/div>\n\n\n\n<div style=\"height:100px\" aria-hidden=\"true\" class=\"wp-block-spacer\"><\/div>\n<\/div>\n","protected":false},"excerpt":{"rendered":"","protected":false},"author":1,"featured_media":0,"parent":0,"menu_order":0,"comment_status":"closed","ping_status":"closed","template":"","meta":{"footnotes":""},"class_list":["post-1305","page","type-page","status-publish","hentry"],"_links":{"self":[{"href":"https:\/\/iridelix.com\/index.php?rest_route=\/wp\/v2\/pages\/1305","targetHints":{"allow":["GET"]}}],"collection":[{"href":"https:\/\/iridelix.com\/index.php?rest_route=\/wp\/v2\/pages"}],"about":[{"href":"https:\/\/iridelix.com\/index.php?rest_route=\/wp\/v2\/types\/page"}],"author":[{"embeddable":true,"href":"https:\/\/iridelix.com\/index.php?rest_route=\/wp\/v2\/users\/1"}],"replies":[{"embeddable":true,"href":"https:\/\/iridelix.com\/index.php?rest_route=%2Fwp%2Fv2%2Fcomments&post=1305"}],"version-history":[{"count":17,"href":"https:\/\/iridelix.com\/index.php?rest_route=\/wp\/v2\/pages\/1305\/revisions"}],"predecessor-version":[{"id":1361,"href":"https:\/\/iridelix.com\/index.php?rest_route=\/wp\/v2\/pages\/1305\/revisions\/1361"}],"wp:attachment":[{"href":"https:\/\/iridelix.com\/index.php?rest_route=%2Fwp%2Fv2%2Fmedia&parent=1305"}],"curies":[{"name":"wp","href":"https:\/\/api.w.org\/{rel}","templated":true}]}}